{"id":712,"date":"2023-10-09T08:47:52","date_gmt":"2023-10-09T08:47:52","guid":{"rendered":"https:\/\/mtcemmabuera.com\/traumatologia\/"},"modified":"2023-11-06T10:15:32","modified_gmt":"2023-11-06T10:15:32","slug":"traumatologia","status":"publish","type":"page","link":"https:\/\/mtcemmabuera.com\/ca\/traumatologia\/","title":{"rendered":"Traumatologia"},"content":{"rendered":"\t\t<div data-elementor-type=\"wp-page\" data-elementor-id=\"712\" class=\"elementor elementor-712 elementor-240\">\n\t\t\t\t\t\t\t<div class=\"elementor-element elementor-element-7a9bfa3 e-con-full e-flex e-con e-parent\" data-id=\"7a9bfa3\" data-element_type=\"container\" data-settings=\"{&quot;content_width&quot;:&quot;full&quot;,&quot;background_background&quot;:&quot;slideshow&quot;,&quot;background_slideshow_gallery&quot;:[{&quot;id&quot;:88,&quot;url&quot;:&quot;https:\\\/\\\/mtcemmabuera.com\\\/wp-content\\\/uploads\\\/2023\\\/10\\\/Frame-1.png&quot;}],&quot;background_slideshow_loop&quot;:&quot;yes&quot;,&quot;background_slideshow_slide_duration&quot;:5000,&quot;background_slideshow_slide_transition&quot;:&quot;fade&quot;,&quot;background_slideshow_transition_duration&quot;:500}\" data-core-v316-plus=\"true\">\n\t\t<div class=\"elementor-element elementor-element-650d45d e-con-full e-flex e-con e-child\" data-id=\"650d45d\" data-element_type=\"container\" data-settings=\"{&quot;content_width&quot;:&quot;full&quot;,&quot;background_background&quot;:&quot;slideshow&quot;,&quot;background_slideshow_gallery&quot;:[{&quot;id&quot;:88,&quot;url&quot;:&quot;https:\\\/\\\/mtcemmabuera.com\\\/wp-content\\\/uploads\\\/2023\\\/10\\\/Frame-1.png&quot;}],&quot;background_slideshow_loop&quot;:&quot;yes&quot;,&quot;background_slideshow_slide_duration&quot;:5000,&quot;background_slideshow_slide_transition&quot;:&quot;fade&quot;,&quot;background_slideshow_transition_duration&quot;:500}\">\n\t\t\t\t<div class=\"elementor-element elementor-element-0dcf91b elementor-widget__width-initial elementor-absolute elementor-widget elementor-widget-spacer\" data-id=\"0dcf91b\" data-element_type=\"widget\" data-settings=\"{&quot;_position&quot;:&quot;absolute&quot;,&quot;motion_fx_motion_fx_scrolling&quot;:&quot;yes&quot;,&quot;motion_fx_blur_effect&quot;:&quot;yes&quot;,&quot;motion_fx_blur_level&quot;:{&quot;unit&quot;:&quot;px&quot;,&quot;size&quot;:170,&quot;sizes&quot;:[]},&quot;motion_fx_blur_range&quot;:{&quot;unit&quot;:&quot;%&quot;,&quot;size&quot;:&quot;&quot;,&quot;sizes&quot;:{&quot;start&quot;:100,&quot;end&quot;:100}},&quot;motion_fx_blur_direction&quot;:&quot;out-in&quot;,&quot;motion_fx_devices&quot;:[&quot;desktop&quot;,&quot;tablet&quot;,&quot;mobile&quot;]}\" data-widget_type=\"spacer.default\">\n\t\t\t\t<div class=\"elementor-widget-container\">\n\t\t\t<style>\/*! elementor - v3.16.0 - 20-09-2023 *\/\n.elementor-column .elementor-spacer-inner{height:var(--spacer-size)}.e-con{--container-widget-width:100%}.e-con-inner>.elementor-widget-spacer,.e-con>.elementor-widget-spacer{width:var(--container-widget-width,var(--spacer-size));--align-self:var(--container-widget-align-self,initial);--flex-shrink:0}.e-con-inner>.elementor-widget-spacer>.elementor-widget-container,.e-con>.elementor-widget-spacer>.elementor-widget-container{height:100%;width:100%}.e-con-inner>.elementor-widget-spacer>.elementor-widget-container>.elementor-spacer,.e-con>.elementor-widget-spacer>.elementor-widget-container>.elementor-spacer{height:100%}.e-con-inner>.elementor-widget-spacer>.elementor-widget-container>.elementor-spacer>.elementor-spacer-inner,.e-con>.elementor-widget-spacer>.elementor-widget-container>.elementor-spacer>.elementor-spacer-inner{height:var(--container-widget-height,var(--spacer-size))}.e-con-inner>.elementor-widget-spacer.elementor-widget-empty,.e-con>.elementor-widget-spacer.elementor-widget-empty{position:relative;min-height:22px;min-width:22px}.e-con-inner>.elementor-widget-spacer.elementor-widget-empty .elementor-widget-empty-icon,.e-con>.elementor-widget-spacer.elementor-widget-empty .elementor-widget-empty-icon{position:absolute;top:0;bottom:0;left:0;right:0;margin:auto;padding:0;width:22px;height:22px}<\/style>\t\t<div class=\"elementor-spacer\">\n\t\t\t<div class=\"elementor-spacer-inner\"><\/div>\n\t\t<\/div>\n\t\t\t\t<\/div>\n\t\t\t\t<\/div>\n\t\t\t\t<div class=\"elementor-element elementor-element-09d54bf animated-slow elementor-invisible elementor-widget elementor-widget-heading\" data-id=\"09d54bf\" data-element_type=\"widget\" data-settings=\"{&quot;_animation&quot;:&quot;fadeInLeft&quot;}\" data-widget_type=\"heading.default\">\n\t\t\t\t<div class=\"elementor-widget-container\">\n\t\t\t<style>\/*! elementor - v3.16.0 - 20-09-2023 *\/\n.elementor-heading-title{padding:0;margin:0;line-height:1}.elementor-widget-heading .elementor-heading-title[class*=elementor-size-]>a{color:inherit;font-size:inherit;line-height:inherit}.elementor-widget-heading .elementor-heading-title.elementor-size-small{font-size:15px}.elementor-widget-heading .elementor-heading-title.elementor-size-medium{font-size:19px}.elementor-widget-heading .elementor-heading-title.elementor-size-large{font-size:29px}.elementor-widget-heading .elementor-heading-title.elementor-size-xl{font-size:39px}.elementor-widget-heading .elementor-heading-title.elementor-size-xxl{font-size:59px}<\/style><h1 class=\"elementor-heading-title elementor-size-default\">Traumatologia<\/h1>\t\t<\/div>\n\t\t\t\t<\/div>\n\t\t\t\t<div class=\"elementor-element elementor-element-48d5841 elementor-widget elementor-widget-text-editor\" data-id=\"48d5841\" data-element_type=\"widget\" data-widget_type=\"text-editor.default\">\n\t\t\t\t<div class=\"elementor-widget-container\">\n\t\t\t<style>\/*! elementor - v3.16.0 - 20-09-2023 *\/\n.elementor-widget-text-editor.elementor-drop-cap-view-stacked .elementor-drop-cap{background-color:#69727d;color:#fff}.elementor-widget-text-editor.elementor-drop-cap-view-framed .elementor-drop-cap{color:#69727d;border:3px solid;background-color:transparent}.elementor-widget-text-editor:not(.elementor-drop-cap-view-default) .elementor-drop-cap{margin-top:8px}.elementor-widget-text-editor:not(.elementor-drop-cap-view-default) .elementor-drop-cap-letter{width:1em;height:1em}.elementor-widget-text-editor .elementor-drop-cap{float:left;text-align:center;line-height:1;font-size:50px}.elementor-widget-text-editor .elementor-drop-cap-letter{display:inline-block}<\/style>\t\t\t\t<p>Medicina xina<\/p>\n\t\t\t\t\t\t<\/div>\n\t\t\t\t<\/div>\n\t\t\t\t<\/div>\n\t\t\t\t<\/div>\n\t\t<div class=\"elementor-element elementor-element-42d1167 e-flex e-con-boxed e-con e-parent\" data-id=\"42d1167\" data-element_type=\"container\" data-settings=\"{&quot;background_background&quot;:&quot;slideshow&quot;,&quot;background_slideshow_gallery&quot;:[{&quot;id&quot;:88,&quot;url&quot;:&quot;https:\\\/\\\/mtcemmabuera.com\\\/wp-content\\\/uploads\\\/2023\\\/10\\\/Frame-1.png&quot;}],&quot;content_width&quot;:&quot;boxed&quot;,&quot;background_slideshow_loop&quot;:&quot;yes&quot;,&quot;background_slideshow_slide_duration&quot;:5000,&quot;background_slideshow_slide_transition&quot;:&quot;fade&quot;,&quot;background_slideshow_transition_duration&quot;:500}\" data-core-v316-plus=\"true\">\n\t\t\t\t\t<div class=\"e-con-inner\">\n\t\t<div class=\"elementor-element elementor-element-d9aabac e-con-full e-flex elementor-invisible e-con e-child\" data-id=\"d9aabac\" data-element_type=\"container\" data-settings=\"{&quot;content_width&quot;:&quot;full&quot;,&quot;motion_fx_motion_fx_scrolling&quot;:&quot;yes&quot;,&quot;motion_fx_translateY_effect&quot;:&quot;yes&quot;,&quot;animation&quot;:&quot;fadeIn&quot;,&quot;motion_fx_translateY_speed&quot;:{&quot;unit&quot;:&quot;px&quot;,&quot;size&quot;:4,&quot;sizes&quot;:[]},&quot;motion_fx_translateY_affectedRange&quot;:{&quot;unit&quot;:&quot;%&quot;,&quot;size&quot;:&quot;&quot;,&quot;sizes&quot;:{&quot;start&quot;:0,&quot;end&quot;:100}},&quot;motion_fx_devices&quot;:[&quot;desktop&quot;,&quot;tablet&quot;,&quot;mobile&quot;]}\">\n\t\t\t\t<div class=\"elementor-element elementor-element-16b6bcd elementor-invisible elementor-widget elementor-widget-image\" data-id=\"16b6bcd\" data-element_type=\"widget\" data-settings=\"{&quot;motion_fx_motion_fx_scrolling&quot;:&quot;yes&quot;,&quot;motion_fx_translateY_effect&quot;:&quot;yes&quot;,&quot;_animation&quot;:&quot;fadeIn&quot;,&quot;motion_fx_translateY_speed&quot;:{&quot;unit&quot;:&quot;px&quot;,&quot;size&quot;:4,&quot;sizes&quot;:[]},&quot;motion_fx_translateY_affectedRange&quot;:{&quot;unit&quot;:&quot;%&quot;,&quot;size&quot;:&quot;&quot;,&quot;sizes&quot;:{&quot;start&quot;:0,&quot;end&quot;:100}},&quot;motion_fx_devices&quot;:[&quot;desktop&quot;,&quot;tablet&quot;,&quot;mobile&quot;]}\" data-widget_type=\"image.default\">\n\t\t\t\t<div class=\"elementor-widget-container\">\n\t\t\t<style>\/*! elementor - v3.16.0 - 20-09-2023 *\/\n.elementor-widget-image{text-align:center}.elementor-widget-image a{display:inline-block}.elementor-widget-image a img[src$=\".svg\"]{width:48px}.elementor-widget-image img{vertical-align:middle;display:inline-block}<\/style>\t\t\t\t\t\t\t\t\t\t\t\t<img decoding=\"async\" loading=\"lazy\" width=\"683\" height=\"1024\" src=\"https:\/\/mtcemmabuera.com\/wp-content\/uploads\/2023\/10\/toa-heftiba-a9pFSC8dTlo-unsplash-683x1024.jpg\" class=\"attachment-large size-large wp-image-572\" alt=\"masaje\" srcset=\"https:\/\/mtcemmabuera.com\/wp-content\/uploads\/2023\/10\/toa-heftiba-a9pFSC8dTlo-unsplash-683x1024.jpg 683w, https:\/\/mtcemmabuera.com\/wp-content\/uploads\/2023\/10\/toa-heftiba-a9pFSC8dTlo-unsplash-200x300.jpg 200w, https:\/\/mtcemmabuera.com\/wp-content\/uploads\/2023\/10\/toa-heftiba-a9pFSC8dTlo-unsplash-768x1152.jpg 768w, https:\/\/mtcemmabuera.com\/wp-content\/uploads\/2023\/10\/toa-heftiba-a9pFSC8dTlo-unsplash-1024x1536.jpg 1024w, https:\/\/mtcemmabuera.com\/wp-content\/uploads\/2023\/10\/toa-heftiba-a9pFSC8dTlo-unsplash-1365x2048.jpg 1365w, https:\/\/mtcemmabuera.com\/wp-content\/uploads\/2023\/10\/toa-heftiba-a9pFSC8dTlo-unsplash-scaled.jpg 1707w\" sizes=\"(max-width: 683px) 100vw, 683px\" \/>\t\t\t\t\t\t\t\t\t\t\t\t\t\t\t<\/div>\n\t\t\t\t<\/div>\n\t\t\t\t<\/div>\n\t\t<div class=\"elementor-element elementor-element-32780b3 e-con-full e-flex e-con e-child\" data-id=\"32780b3\" data-element_type=\"container\" data-settings=\"{&quot;content_width&quot;:&quot;full&quot;}\">\n\t\t<div class=\"elementor-element elementor-element-ff158af e-con-full e-flex e-con e-child\" data-id=\"ff158af\" data-element_type=\"container\" data-settings=\"{&quot;content_width&quot;:&quot;full&quot;,&quot;background_background&quot;:&quot;classic&quot;}\">\n\t\t\t\t<div class=\"elementor-element elementor-element-1164a89 elementor-widget elementor-widget-text-editor\" data-id=\"1164a89\" data-element_type=\"widget\" data-widget_type=\"text-editor.default\">\n\t\t\t\t<div class=\"elementor-widget-container\">\n\t\t\t\t\t\t\t<h4>Dolors regi\u00f3 cervical, dorsal i lumbar <\/h4>\n\t\t\t\t\t\t<\/div>\n\t\t\t\t<\/div>\n\t\t\t\t<\/div>\n\t\t<div class=\"elementor-element elementor-element-9e3e4d2 e-con-full e-flex e-con e-child\" data-id=\"9e3e4d2\" data-element_type=\"container\" data-settings=\"{&quot;content_width&quot;:&quot;full&quot;,&quot;background_background&quot;:&quot;classic&quot;}\">\n\t\t\t\t<div class=\"elementor-element elementor-element-0143a37 elementor-widget elementor-widget-text-editor\" data-id=\"0143a37\" data-element_type=\"widget\" data-widget_type=\"text-editor.default\">\n\t\t\t\t<div class=\"elementor-widget-container\">\n\t\t\t\t\t\t\t<h4>Dolors d&#8217;extremitats superiors<\/h4>\n<p>(m\u00fasculs, colzes i canell)<\/p>\n\t\t\t\t\t\t<\/div>\n\t\t\t\t<\/div>\n\t\t\t\t<\/div>\n\t\t<div class=\"elementor-element elementor-element-7aefc4a e-con-full e-flex e-con e-child\" data-id=\"7aefc4a\" data-element_type=\"container\" data-settings=\"{&quot;content_width&quot;:&quot;full&quot;,&quot;background_background&quot;:&quot;classic&quot;}\">\n\t\t\t\t<div class=\"elementor-element elementor-element-0b5b48c elementor-widget elementor-widget-text-editor\" data-id=\"0b5b48c\" data-element_type=\"widget\" data-widget_type=\"text-editor.default\">\n\t\t\t\t<div class=\"elementor-widget-container\">\n\t\t\t\t\t\t\t<h4>Lesions m\u00fascul-esquel\u00e8tiques<\/h4>\n<p>(Problemes, m\u00fasculs, tendons i lligaments)<\/p>\n\t\t\t\t\t\t<\/div>\n\t\t\t\t<\/div>\n\t\t\t\t<\/div>\n\t\t<div class=\"elementor-element elementor-element-4ec794d e-con-full e-flex e-con e-child\" data-id=\"4ec794d\" data-element_type=\"container\" data-settings=\"{&quot;content_width&quot;:&quot;full&quot;,&quot;background_background&quot;:&quot;classic&quot;}\">\n\t\t\t\t<div class=\"elementor-element elementor-element-a953bd0 elementor-widget elementor-widget-text-editor\" data-id=\"a953bd0\" data-element_type=\"widget\" data-widget_type=\"text-editor.default\">\n\t\t\t\t<div class=\"elementor-widget-container\">\n\t\t\t\t\t\t\t<h4>Dolors de les extremitats inferiors<\/h4>\n<p>(problemes de genolls, turmells i peus)<\/p>\n\t\t\t\t\t\t<\/div>\n\t\t\t\t<\/div>\n\t\t\t\t<\/div>\n\t\t<div class=\"elementor-element elementor-element-a05a0e7 e-con-full e-flex e-con e-child\" data-id=\"a05a0e7\" data-element_type=\"container\" data-settings=\"{&quot;content_width&quot;:&quot;full&quot;,&quot;background_background&quot;:&quot;classic&quot;}\">\n\t\t\t\t<div class=\"elementor-element elementor-element-e40724d elementor-widget elementor-widget-text-editor\" data-id=\"e40724d\" data-element_type=\"widget\" data-widget_type=\"text-editor.default\">\n\t\t\t\t<div class=\"elementor-widget-container\">\n\t\t\t\t\t\t\t<h4>Especialitat en lumb\u00e0lgies, espatlles congelades o pericutitis esca.<\/h4>\n\t\t\t\t\t\t<\/div>\n\t\t\t\t<\/div>\n\t\t\t\t<\/div>\n\t\t\t\t<\/div>\n\t\t\t\t\t<\/div>\n\t\t\t\t<\/div>\n\t\t\t\t\t\t\t<\/div>\n\t\t","protected":false},"excerpt":{"rendered":"<p>Traumatologia Medicina xina Dolors regi\u00f3 cervical, dorsal i lumbar Dolors d&#8217;extremitats superiors (m\u00fasculs, colzes i canell) Lesions m\u00fascul-esquel\u00e8tiques (Problemes, m\u00fasculs, tendons i lligaments) Dolors de les extremitats inferiors (problemes de genolls, turmells i peus) Especialitat en lumb\u00e0lgies, espatlles congelades o pericutitis esca.<\/p>\n","protected":false},"author":1,"featured_media":0,"parent":0,"menu_order":0,"comment_status":"closed","ping_status":"closed","template":"","meta":{"footnotes":""},"yoast_head":"<!-- This site is optimized with the Yoast SEO plugin v22.6 - https:\/\/yoast.com\/wordpress\/plugins\/seo\/ -->\n<title>Traumatologia - Emma Buera<\/title>\n<meta name=\"robots\" content=\"index, follow, max-snippet:-1, max-image-preview:large, max-video-preview:-1\" \/>\n<link rel=\"canonical\" href=\"https:\/\/mtcemmabuera.com\/ca\/traumatologia\/\" \/>\n<meta property=\"og:locale\" content=\"ca_ES\" \/>\n<meta property=\"og:type\" content=\"article\" \/>\n<meta property=\"og:title\" content=\"Traumatologia - Emma Buera\" \/>\n<meta property=\"og:description\" content=\"Traumatologia Medicina xina Dolors regi\u00f3 cervical, dorsal i lumbar Dolors d&#8217;extremitats superiors (m\u00fasculs, colzes i canell) Lesions m\u00fascul-esquel\u00e8tiques (Problemes, m\u00fasculs, tendons i lligaments) Dolors de les extremitats inferiors (problemes de genolls, turmells i peus) Especialitat en lumb\u00e0lgies, espatlles congelades o pericutitis esca.\" \/>\n<meta property=\"og:url\" content=\"https:\/\/mtcemmabuera.com\/ca\/traumatologia\/\" \/>\n<meta property=\"og:site_name\" content=\"Emma Buera\" \/>\n<meta property=\"article:modified_time\" content=\"2023-11-06T10:15:32+00:00\" \/>\n<meta property=\"og:image\" content=\"https:\/\/mtcemmabuera.com\/wp-content\/uploads\/2023\/10\/toa-heftiba-a9pFSC8dTlo-unsplash-683x1024.jpg\" \/>\n<meta name=\"twitter:card\" content=\"summary_large_image\" \/>\n<script type=\"application\/ld+json\" class=\"yoast-schema-graph\">{\"@context\":\"https:\/\/schema.org\",\"@graph\":[{\"@type\":\"WebPage\",\"@id\":\"https:\/\/mtcemmabuera.com\/ca\/traumatologia\/\",\"url\":\"https:\/\/mtcemmabuera.com\/ca\/traumatologia\/\",\"name\":\"Traumatologia - Emma Buera\",\"isPartOf\":{\"@id\":\"https:\/\/mtcemmabuera.com\/#website\"},\"primaryImageOfPage\":{\"@id\":\"https:\/\/mtcemmabuera.com\/ca\/traumatologia\/#primaryimage\"},\"image\":{\"@id\":\"https:\/\/mtcemmabuera.com\/ca\/traumatologia\/#primaryimage\"},\"thumbnailUrl\":\"https:\/\/mtcemmabuera.com\/wp-content\/uploads\/2023\/10\/toa-heftiba-a9pFSC8dTlo-unsplash-683x1024.jpg\",\"datePublished\":\"2023-10-09T08:47:52+00:00\",\"dateModified\":\"2023-11-06T10:15:32+00:00\",\"breadcrumb\":{\"@id\":\"https:\/\/mtcemmabuera.com\/ca\/traumatologia\/#breadcrumb\"},\"inLanguage\":\"ca\",\"potentialAction\":[{\"@type\":\"ReadAction\",\"target\":[\"https:\/\/mtcemmabuera.com\/ca\/traumatologia\/\"]}]},{\"@type\":\"ImageObject\",\"inLanguage\":\"ca\",\"@id\":\"https:\/\/mtcemmabuera.com\/ca\/traumatologia\/#primaryimage\",\"url\":\"https:\/\/mtcemmabuera.com\/wp-content\/uploads\/2023\/10\/toa-heftiba-a9pFSC8dTlo-unsplash-683x1024.jpg\",\"contentUrl\":\"https:\/\/mtcemmabuera.com\/wp-content\/uploads\/2023\/10\/toa-heftiba-a9pFSC8dTlo-unsplash-683x1024.jpg\"},{\"@type\":\"BreadcrumbList\",\"@id\":\"https:\/\/mtcemmabuera.com\/ca\/traumatologia\/#breadcrumb\",\"itemListElement\":[{\"@type\":\"ListItem\",\"position\":1,\"name\":\"Home\",\"item\":\"https:\/\/mtcemmabuera.com\/ca\/home\/\"},{\"@type\":\"ListItem\",\"position\":2,\"name\":\"Traumatologia\"}]},{\"@type\":\"WebSite\",\"@id\":\"https:\/\/mtcemmabuera.com\/#website\",\"url\":\"https:\/\/mtcemmabuera.com\/\",\"name\":\"Emma Buera\",\"description\":\"\",\"publisher\":{\"@id\":\"https:\/\/mtcemmabuera.com\/#organization\"},\"potentialAction\":[{\"@type\":\"SearchAction\",\"target\":{\"@type\":\"EntryPoint\",\"urlTemplate\":\"https:\/\/mtcemmabuera.com\/?s={search_term_string}\"},\"query-input\":\"required name=search_term_string\"}],\"inLanguage\":\"ca\"},{\"@type\":\"Organization\",\"@id\":\"https:\/\/mtcemmabuera.com\/#organization\",\"name\":\"Emma Buera\",\"url\":\"https:\/\/mtcemmabuera.com\/\",\"logo\":{\"@type\":\"ImageObject\",\"inLanguage\":\"ca\",\"@id\":\"https:\/\/mtcemmabuera.com\/#\/schema\/logo\/image\/\",\"url\":\"https:\/\/mtcemmabuera.com\/wp-content\/uploads\/2023\/10\/logo-emma-buera.png\",\"contentUrl\":\"https:\/\/mtcemmabuera.com\/wp-content\/uploads\/2023\/10\/logo-emma-buera.png\",\"width\":1938,\"height\":1230,\"caption\":\"Emma Buera\"},\"image\":{\"@id\":\"https:\/\/mtcemmabuera.com\/#\/schema\/logo\/image\/\"}}]}<\/script>\n<!-- \/ Yoast SEO plugin. -->","yoast_head_json":{"title":"Traumatologia - Emma Buera","robots":{"index":"index","follow":"follow","max-snippet":"max-snippet:-1","max-image-preview":"max-image-preview:large","max-video-preview":"max-video-preview:-1"},"canonical":"https:\/\/mtcemmabuera.com\/ca\/traumatologia\/","og_locale":"ca_ES","og_type":"article","og_title":"Traumatologia - Emma Buera","og_description":"Traumatologia Medicina xina Dolors regi\u00f3 cervical, dorsal i lumbar Dolors d&#8217;extremitats superiors (m\u00fasculs, colzes i canell) Lesions m\u00fascul-esquel\u00e8tiques (Problemes, m\u00fasculs, tendons i lligaments) Dolors de les extremitats inferiors (problemes de genolls, turmells i peus) Especialitat en lumb\u00e0lgies, espatlles congelades o pericutitis esca.","og_url":"https:\/\/mtcemmabuera.com\/ca\/traumatologia\/","og_site_name":"Emma Buera","article_modified_time":"2023-11-06T10:15:32+00:00","og_image":[{"url":"https:\/\/mtcemmabuera.com\/wp-content\/uploads\/2023\/10\/toa-heftiba-a9pFSC8dTlo-unsplash-683x1024.jpg"}],"twitter_card":"summary_large_image","schema":{"@context":"https:\/\/schema.org","@graph":[{"@type":"WebPage","@id":"https:\/\/mtcemmabuera.com\/ca\/traumatologia\/","url":"https:\/\/mtcemmabuera.com\/ca\/traumatologia\/","name":"Traumatologia - Emma Buera","isPartOf":{"@id":"https:\/\/mtcemmabuera.com\/#website"},"primaryImageOfPage":{"@id":"https:\/\/mtcemmabuera.com\/ca\/traumatologia\/#primaryimage"},"image":{"@id":"https:\/\/mtcemmabuera.com\/ca\/traumatologia\/#primaryimage"},"thumbnailUrl":"https:\/\/mtcemmabuera.com\/wp-content\/uploads\/2023\/10\/toa-heftiba-a9pFSC8dTlo-unsplash-683x1024.jpg","datePublished":"2023-10-09T08:47:52+00:00","dateModified":"2023-11-06T10:15:32+00:00","breadcrumb":{"@id":"https:\/\/mtcemmabuera.com\/ca\/traumatologia\/#breadcrumb"},"inLanguage":"ca","potentialAction":[{"@type":"ReadAction","target":["https:\/\/mtcemmabuera.com\/ca\/traumatologia\/"]}]},{"@type":"ImageObject","inLanguage":"ca","@id":"https:\/\/mtcemmabuera.com\/ca\/traumatologia\/#primaryimage","url":"https:\/\/mtcemmabuera.com\/wp-content\/uploads\/2023\/10\/toa-heftiba-a9pFSC8dTlo-unsplash-683x1024.jpg","contentUrl":"https:\/\/mtcemmabuera.com\/wp-content\/uploads\/2023\/10\/toa-heftiba-a9pFSC8dTlo-unsplash-683x1024.jpg"},{"@type":"BreadcrumbList","@id":"https:\/\/mtcemmabuera.com\/ca\/traumatologia\/#breadcrumb","itemListElement":[{"@type":"ListItem","position":1,"name":"Home","item":"https:\/\/mtcemmabuera.com\/ca\/home\/"},{"@type":"ListItem","position":2,"name":"Traumatologia"}]},{"@type":"WebSite","@id":"https:\/\/mtcemmabuera.com\/#website","url":"https:\/\/mtcemmabuera.com\/","name":"Emma Buera","description":"","publisher":{"@id":"https:\/\/mtcemmabuera.com\/#organization"},"potentialAction":[{"@type":"SearchAction","target":{"@type":"EntryPoint","urlTemplate":"https:\/\/mtcemmabuera.com\/?s={search_term_string}"},"query-input":"required name=search_term_string"}],"inLanguage":"ca"},{"@type":"Organization","@id":"https:\/\/mtcemmabuera.com\/#organization","name":"Emma Buera","url":"https:\/\/mtcemmabuera.com\/","logo":{"@type":"ImageObject","inLanguage":"ca","@id":"https:\/\/mtcemmabuera.com\/#\/schema\/logo\/image\/","url":"https:\/\/mtcemmabuera.com\/wp-content\/uploads\/2023\/10\/logo-emma-buera.png","contentUrl":"https:\/\/mtcemmabuera.com\/wp-content\/uploads\/2023\/10\/logo-emma-buera.png","width":1938,"height":1230,"caption":"Emma Buera"},"image":{"@id":"https:\/\/mtcemmabuera.com\/#\/schema\/logo\/image\/"}}]}},"_links":{"self":[{"href":"https:\/\/mtcemmabuera.com\/ca\/wp-json\/wp\/v2\/pages\/712"}],"collection":[{"href":"https:\/\/mtcemmabuera.com\/ca\/wp-json\/wp\/v2\/pages"}],"about":[{"href":"https:\/\/mtcemmabuera.com\/ca\/wp-json\/wp\/v2\/types\/page"}],"author":[{"embeddable":true,"href":"https:\/\/mtcemmabuera.com\/ca\/wp-json\/wp\/v2\/users\/1"}],"replies":[{"embeddable":true,"href":"https:\/\/mtcemmabuera.com\/ca\/wp-json\/wp\/v2\/comments?post=712"}],"version-history":[{"count":4,"href":"https:\/\/mtcemmabuera.com\/ca\/wp-json\/wp\/v2\/pages\/712\/revisions"}],"predecessor-version":[{"id":717,"href":"https:\/\/mtcemmabuera.com\/ca\/wp-json\/wp\/v2\/pages\/712\/revisions\/717"}],"wp:attachment":[{"href":"https:\/\/mtcemmabuera.com\/ca\/wp-json\/wp\/v2\/media?parent=712"}],"curies":[{"name":"wp","href":"https:\/\/api.w.org\/{rel}","templated":true}]}}