{"id":700,"date":"2023-10-09T10:48:51","date_gmt":"2023-10-09T10:48:51","guid":{"rendered":"https:\/\/mtcemmabuera.com\/medicina-interna\/"},"modified":"2023-11-06T10:08:44","modified_gmt":"2023-11-06T10:08:44","slug":"medicina-interna","status":"publish","type":"page","link":"https:\/\/mtcemmabuera.com\/ca\/medicina-interna\/","title":{"rendered":"Medicina interna"},"content":{"rendered":"\t\t<div data-elementor-type=\"wp-page\" data-elementor-id=\"700\" class=\"elementor elementor-700 elementor-304\">\n\t\t\t\t\t\t\t<div class=\"elementor-element elementor-element-65d87cc e-con-full e-flex e-con e-parent\" data-id=\"65d87cc\" data-element_type=\"container\" data-settings=\"{&quot;content_width&quot;:&quot;full&quot;,&quot;background_background&quot;:&quot;slideshow&quot;,&quot;background_slideshow_gallery&quot;:[{&quot;id&quot;:311,&quot;url&quot;:&quot;https:\\\/\\\/mtcemmabuera.com\\\/wp-content\\\/uploads\\\/2023\\\/10\\\/Frame-1-1.png&quot;}],&quot;background_slideshow_loop&quot;:&quot;yes&quot;,&quot;background_slideshow_slide_duration&quot;:5000,&quot;background_slideshow_slide_transition&quot;:&quot;fade&quot;,&quot;background_slideshow_transition_duration&quot;:500}\" data-core-v316-plus=\"true\">\n\t\t<div class=\"elementor-element elementor-element-7e0b2e8 e-con-full e-flex e-con e-child\" data-id=\"7e0b2e8\" data-element_type=\"container\" data-settings=\"{&quot;content_width&quot;:&quot;full&quot;,&quot;background_background&quot;:&quot;slideshow&quot;,&quot;background_slideshow_gallery&quot;:[{&quot;id&quot;:311,&quot;url&quot;:&quot;https:\\\/\\\/mtcemmabuera.com\\\/wp-content\\\/uploads\\\/2023\\\/10\\\/Frame-1-1.png&quot;}],&quot;background_slideshow_loop&quot;:&quot;yes&quot;,&quot;background_slideshow_slide_duration&quot;:5000,&quot;background_slideshow_slide_transition&quot;:&quot;fade&quot;,&quot;background_slideshow_transition_duration&quot;:500}\">\n\t\t\t\t<div class=\"elementor-element elementor-element-ba6dbda elementor-widget__width-initial elementor-absolute elementor-widget elementor-widget-spacer\" data-id=\"ba6dbda\" data-element_type=\"widget\" data-settings=\"{&quot;_position&quot;:&quot;absolute&quot;,&quot;motion_fx_motion_fx_scrolling&quot;:&quot;yes&quot;,&quot;motion_fx_blur_effect&quot;:&quot;yes&quot;,&quot;motion_fx_blur_level&quot;:{&quot;unit&quot;:&quot;px&quot;,&quot;size&quot;:170,&quot;sizes&quot;:[]},&quot;motion_fx_blur_range&quot;:{&quot;unit&quot;:&quot;%&quot;,&quot;size&quot;:&quot;&quot;,&quot;sizes&quot;:{&quot;start&quot;:100,&quot;end&quot;:100}},&quot;motion_fx_blur_direction&quot;:&quot;out-in&quot;,&quot;motion_fx_devices&quot;:[&quot;desktop&quot;,&quot;tablet&quot;,&quot;mobile&quot;]}\" data-widget_type=\"spacer.default\">\n\t\t\t\t<div class=\"elementor-widget-container\">\n\t\t\t<style>\/*! elementor - v3.16.0 - 20-09-2023 *\/\n.elementor-column .elementor-spacer-inner{height:var(--spacer-size)}.e-con{--container-widget-width:100%}.e-con-inner>.elementor-widget-spacer,.e-con>.elementor-widget-spacer{width:var(--container-widget-width,var(--spacer-size));--align-self:var(--container-widget-align-self,initial);--flex-shrink:0}.e-con-inner>.elementor-widget-spacer>.elementor-widget-container,.e-con>.elementor-widget-spacer>.elementor-widget-container{height:100%;width:100%}.e-con-inner>.elementor-widget-spacer>.elementor-widget-container>.elementor-spacer,.e-con>.elementor-widget-spacer>.elementor-widget-container>.elementor-spacer{height:100%}.e-con-inner>.elementor-widget-spacer>.elementor-widget-container>.elementor-spacer>.elementor-spacer-inner,.e-con>.elementor-widget-spacer>.elementor-widget-container>.elementor-spacer>.elementor-spacer-inner{height:var(--container-widget-height,var(--spacer-size))}.e-con-inner>.elementor-widget-spacer.elementor-widget-empty,.e-con>.elementor-widget-spacer.elementor-widget-empty{position:relative;min-height:22px;min-width:22px}.e-con-inner>.elementor-widget-spacer.elementor-widget-empty .elementor-widget-empty-icon,.e-con>.elementor-widget-spacer.elementor-widget-empty .elementor-widget-empty-icon{position:absolute;top:0;bottom:0;left:0;right:0;margin:auto;padding:0;width:22px;height:22px}<\/style>\t\t<div class=\"elementor-spacer\">\n\t\t\t<div class=\"elementor-spacer-inner\"><\/div>\n\t\t<\/div>\n\t\t\t\t<\/div>\n\t\t\t\t<\/div>\n\t\t\t\t<div class=\"elementor-element elementor-element-6767cca animated-slow elementor-invisible elementor-widget elementor-widget-heading\" data-id=\"6767cca\" data-element_type=\"widget\" data-settings=\"{&quot;_animation&quot;:&quot;fadeInLeft&quot;}\" data-widget_type=\"heading.default\">\n\t\t\t\t<div class=\"elementor-widget-container\">\n\t\t\t<style>\/*! elementor - v3.16.0 - 20-09-2023 *\/\n.elementor-heading-title{padding:0;margin:0;line-height:1}.elementor-widget-heading .elementor-heading-title[class*=elementor-size-]>a{color:inherit;font-size:inherit;line-height:inherit}.elementor-widget-heading .elementor-heading-title.elementor-size-small{font-size:15px}.elementor-widget-heading .elementor-heading-title.elementor-size-medium{font-size:19px}.elementor-widget-heading .elementor-heading-title.elementor-size-large{font-size:29px}.elementor-widget-heading .elementor-heading-title.elementor-size-xl{font-size:39px}.elementor-widget-heading .elementor-heading-title.elementor-size-xxl{font-size:59px}<\/style><h1 class=\"elementor-heading-title elementor-size-default\">Medicina Interna<\/h1>\t\t<\/div>\n\t\t\t\t<\/div>\n\t\t\t\t<div class=\"elementor-element elementor-element-ff08a3e elementor-widget elementor-widget-text-editor\" data-id=\"ff08a3e\" data-element_type=\"widget\" data-widget_type=\"text-editor.default\">\n\t\t\t\t<div class=\"elementor-widget-container\">\n\t\t\t<style>\/*! elementor - v3.16.0 - 20-09-2023 *\/\n.elementor-widget-text-editor.elementor-drop-cap-view-stacked .elementor-drop-cap{background-color:#69727d;color:#fff}.elementor-widget-text-editor.elementor-drop-cap-view-framed .elementor-drop-cap{color:#69727d;border:3px solid;background-color:transparent}.elementor-widget-text-editor:not(.elementor-drop-cap-view-default) .elementor-drop-cap{margin-top:8px}.elementor-widget-text-editor:not(.elementor-drop-cap-view-default) .elementor-drop-cap-letter{width:1em;height:1em}.elementor-widget-text-editor .elementor-drop-cap{float:left;text-align:center;line-height:1;font-size:50px}.elementor-widget-text-editor .elementor-drop-cap-letter{display:inline-block}<\/style>\t\t\t\t<p>Tractaments i especialitats<\/p>\n\t\t\t\t\t\t<\/div>\n\t\t\t\t<\/div>\n\t\t\t\t<\/div>\n\t\t\t\t<\/div>\n\t\t<div class=\"elementor-element elementor-element-7f0f345 e-flex e-con-boxed e-con e-parent\" data-id=\"7f0f345\" data-element_type=\"container\" data-settings=\"{&quot;background_background&quot;:&quot;slideshow&quot;,&quot;background_slideshow_gallery&quot;:[{&quot;id&quot;:&quot;311&quot;,&quot;url&quot;:&quot;https:\\\/\\\/mtcemmabuera.com\\\/wp-content\\\/uploads\\\/2023\\\/10\\\/Frame-1-1.png&quot;}],&quot;content_width&quot;:&quot;boxed&quot;,&quot;background_slideshow_loop&quot;:&quot;yes&quot;,&quot;background_slideshow_slide_duration&quot;:5000,&quot;background_slideshow_slide_transition&quot;:&quot;fade&quot;,&quot;background_slideshow_transition_duration&quot;:500}\" data-core-v316-plus=\"true\">\n\t\t\t\t\t<div class=\"e-con-inner\">\n\t\t<div class=\"elementor-element elementor-element-f6f5845 e-con-full e-flex elementor-invisible e-con e-child\" data-id=\"f6f5845\" data-element_type=\"container\" data-settings=\"{&quot;content_width&quot;:&quot;full&quot;,&quot;background_background&quot;:&quot;slideshow&quot;,&quot;background_slideshow_gallery&quot;:[{&quot;id&quot;:102,&quot;url&quot;:&quot;https:\\\/\\\/mtcemmabuera.com\\\/wp-content\\\/uploads\\\/2023\\\/10\\\/moxibustion-chinese-medicine-scaled.jpg&quot;}],&quot;motion_fx_motion_fx_scrolling&quot;:&quot;yes&quot;,&quot;motion_fx_translateY_effect&quot;:&quot;yes&quot;,&quot;animation&quot;:&quot;fadeIn&quot;,&quot;background_slideshow_loop&quot;:&quot;yes&quot;,&quot;background_slideshow_slide_duration&quot;:5000,&quot;background_slideshow_slide_transition&quot;:&quot;fade&quot;,&quot;background_slideshow_transition_duration&quot;:500,&quot;motion_fx_translateY_speed&quot;:{&quot;unit&quot;:&quot;px&quot;,&quot;size&quot;:4,&quot;sizes&quot;:[]},&quot;motion_fx_translateY_affectedRange&quot;:{&quot;unit&quot;:&quot;%&quot;,&quot;size&quot;:&quot;&quot;,&quot;sizes&quot;:{&quot;start&quot;:0,&quot;end&quot;:100}},&quot;motion_fx_devices&quot;:[&quot;desktop&quot;,&quot;tablet&quot;,&quot;mobile&quot;]}\">\n\t\t\t\t<div class=\"elementor-element elementor-element-070ba61 elementor-invisible elementor-widget elementor-widget-spacer\" data-id=\"070ba61\" data-element_type=\"widget\" data-settings=\"{&quot;motion_fx_motion_fx_scrolling&quot;:&quot;yes&quot;,&quot;motion_fx_translateY_effect&quot;:&quot;yes&quot;,&quot;_animation&quot;:&quot;fadeIn&quot;,&quot;motion_fx_translateY_speed&quot;:{&quot;unit&quot;:&quot;px&quot;,&quot;size&quot;:4,&quot;sizes&quot;:[]},&quot;motion_fx_translateY_affectedRange&quot;:{&quot;unit&quot;:&quot;%&quot;,&quot;size&quot;:&quot;&quot;,&quot;sizes&quot;:{&quot;start&quot;:0,&quot;end&quot;:100}},&quot;motion_fx_devices&quot;:[&quot;desktop&quot;,&quot;tablet&quot;,&quot;mobile&quot;]}\" data-widget_type=\"spacer.default\">\n\t\t\t\t<div class=\"elementor-widget-container\">\n\t\t\t\t\t<div class=\"elementor-spacer\">\n\t\t\t<div class=\"elementor-spacer-inner\"><\/div>\n\t\t<\/div>\n\t\t\t\t<\/div>\n\t\t\t\t<\/div>\n\t\t\t\t<\/div>\n\t\t<div class=\"elementor-element elementor-element-8c2b77c e-con-full e-flex e-con e-child\" data-id=\"8c2b77c\" data-element_type=\"container\" data-settings=\"{&quot;content_width&quot;:&quot;full&quot;}\">\n\t\t<div class=\"elementor-element elementor-element-545c5b8 e-con-full e-flex e-con e-child\" data-id=\"545c5b8\" data-element_type=\"container\" data-settings=\"{&quot;content_width&quot;:&quot;full&quot;,&quot;background_background&quot;:&quot;classic&quot;}\">\n\t\t\t\t<div class=\"elementor-element elementor-element-a6930d8 elementor-widget elementor-widget-text-editor\" data-id=\"a6930d8\" data-element_type=\"widget\" data-widget_type=\"text-editor.default\">\n\t\t\t\t<div class=\"elementor-widget-container\">\n\t\t\t\t\t\t\t<h4>Trastorns, ritme card\u00edac i palpitacions.<\/h4>\n\t\t\t\t\t\t<\/div>\n\t\t\t\t<\/div>\n\t\t\t\t<\/div>\n\t\t<div class=\"elementor-element elementor-element-0057656 e-con-full e-flex e-con e-child\" data-id=\"0057656\" data-element_type=\"container\" data-settings=\"{&quot;content_width&quot;:&quot;full&quot;,&quot;background_background&quot;:&quot;classic&quot;}\">\n\t\t\t\t<div class=\"elementor-element elementor-element-b47993c elementor-widget elementor-widget-text-editor\" data-id=\"b47993c\" data-element_type=\"widget\" data-widget_type=\"text-editor.default\">\n\t\t\t\t<div class=\"elementor-widget-container\">\n\t\t\t\t\t\t\t<h4>Dolors hipocondr\u00edacs <\/h4><\/p>\n\t\t\t\t\t\t<\/div>\n\t\t\t\t<\/div>\n\t\t\t\t<\/div>\n\t\t<div class=\"elementor-element elementor-element-0076b6f e-con-full e-flex e-con e-child\" data-id=\"0076b6f\" data-element_type=\"container\" data-settings=\"{&quot;content_width&quot;:&quot;full&quot;,&quot;background_background&quot;:&quot;classic&quot;}\">\n\t\t\t\t<div class=\"elementor-element elementor-element-360aa27 elementor-widget elementor-widget-text-editor\" data-id=\"360aa27\" data-element_type=\"widget\" data-widget_type=\"text-editor.default\">\n\t\t\t\t<div class=\"elementor-widget-container\">\n\t\t\t\t\t\t\t<h4>Somnol\u00e8ncia<\/h4><\/p>\n\t\t\t\t\t\t<\/div>\n\t\t\t\t<\/div>\n\t\t\t\t<\/div>\n\t\t<div class=\"elementor-element elementor-element-bb01d9a e-con-full e-flex e-con e-child\" data-id=\"bb01d9a\" data-element_type=\"container\" data-settings=\"{&quot;content_width&quot;:&quot;full&quot;,&quot;background_background&quot;:&quot;classic&quot;}\">\n\t\t\t\t<div class=\"elementor-element elementor-element-aeb4a4c elementor-widget elementor-widget-text-editor\" data-id=\"aeb4a4c\" data-element_type=\"widget\" data-widget_type=\"text-editor.default\">\n\t\t\t\t<div class=\"elementor-widget-container\">\n\t\t\t\t\t\t\t<h4>Insomni<\/h4>\n\t\t\t\t\t\t<\/div>\n\t\t\t\t<\/div>\n\t\t\t\t<\/div>\n\t\t<div class=\"elementor-element elementor-element-c66a863 e-con-full e-flex e-con e-child\" data-id=\"c66a863\" data-element_type=\"container\" data-settings=\"{&quot;content_width&quot;:&quot;full&quot;,&quot;background_background&quot;:&quot;classic&quot;}\">\n\t\t\t\t<div class=\"elementor-element elementor-element-bd3e2ed elementor-widget elementor-widget-text-editor\" data-id=\"bd3e2ed\" data-element_type=\"widget\" data-widget_type=\"text-editor.default\">\n\t\t\t\t<div class=\"elementor-widget-container\">\n\t\t\t\t\t\t\t<h4>Disminuci\u00f3 de la mem\u00f2ria<\/h4>\n\t\t\t\t\t\t<\/div>\n\t\t\t\t<\/div>\n\t\t\t\t<\/div>\n\t\t<div class=\"elementor-element elementor-element-3c4be83 e-con-full e-flex e-con e-child\" data-id=\"3c4be83\" data-element_type=\"container\" data-settings=\"{&quot;content_width&quot;:&quot;full&quot;,&quot;background_background&quot;:&quot;classic&quot;}\">\n\t\t\t\t<div class=\"elementor-element elementor-element-1e4232b elementor-widget elementor-widget-text-editor\" data-id=\"1e4232b\" data-element_type=\"widget\" data-widget_type=\"text-editor.default\">\n\t\t\t\t<div class=\"elementor-widget-container\">\n\t\t\t\t\t\t\t<h4>S\u00edndrome melanc\u00f2lica i principis depressius<\/h4>\n\t\t\t\t\t\t<\/div>\n\t\t\t\t<\/div>\n\t\t\t\t<\/div>\n\t\t<div class=\"elementor-element elementor-element-9e5fe9b e-con-full e-flex e-con e-child\" data-id=\"9e5fe9b\" data-element_type=\"container\" data-settings=\"{&quot;content_width&quot;:&quot;full&quot;,&quot;background_background&quot;:&quot;classic&quot;}\">\n\t\t\t\t<div class=\"elementor-element elementor-element-af3042f elementor-widget elementor-widget-text-editor\" data-id=\"af3042f\" data-element_type=\"widget\" data-widget_type=\"text-editor.default\">\n\t\t\t\t<div class=\"elementor-widget-container\">\n\t\t\t\t\t\t\t<h4>Tractament de l&#8217;ansietat<\/h4>\n\t\t\t\t\t\t<\/div>\n\t\t\t\t<\/div>\n\t\t\t\t<\/div>\n\t\t<div class=\"elementor-element elementor-element-1b930c1 e-con-full e-flex e-con e-child\" data-id=\"1b930c1\" data-element_type=\"container\" data-settings=\"{&quot;content_width&quot;:&quot;full&quot;,&quot;background_background&quot;:&quot;classic&quot;}\">\n\t\t\t\t<div class=\"elementor-element elementor-element-bed3911 elementor-widget elementor-widget-text-editor\" data-id=\"bed3911\" data-element_type=\"widget\" data-widget_type=\"text-editor.default\">\n\t\t\t\t<div class=\"elementor-widget-container\">\n\t\t\t\t\t\t\t<h4>Nervis i vertigen <\/h4>\n\t\t\t\t\t\t<\/div>\n\t\t\t\t<\/div>\n\t\t\t\t<\/div>\n\t\t<div class=\"elementor-element elementor-element-8e28723 e-con-full e-flex e-con e-child\" data-id=\"8e28723\" data-element_type=\"container\" data-settings=\"{&quot;content_width&quot;:&quot;full&quot;,&quot;background_background&quot;:&quot;classic&quot;}\">\n\t\t\t\t<div class=\"elementor-element elementor-element-f17b3fe elementor-widget elementor-widget-text-editor\" data-id=\"f17b3fe\" data-element_type=\"widget\" data-widget_type=\"text-editor.default\">\n\t\t\t\t<div class=\"elementor-widget-container\">\n\t\t\t\t\t\t\t<h4>Cefalees i migranyes<\/h4>\n\t\t\t\t\t\t<\/div>\n\t\t\t\t<\/div>\n\t\t\t\t<\/div>\n\t\t<div class=\"elementor-element elementor-element-2c065ff e-con-full e-flex e-con e-child\" data-id=\"2c065ff\" data-element_type=\"container\" data-settings=\"{&quot;content_width&quot;:&quot;full&quot;,&quot;background_background&quot;:&quot;classic&quot;}\">\n\t\t\t\t<div class=\"elementor-element elementor-element-a47b05e elementor-widget elementor-widget-text-editor\" data-id=\"a47b05e\" data-element_type=\"widget\" data-widget_type=\"text-editor.default\">\n\t\t\t\t<div class=\"elementor-widget-container\">\n\t\t\t\t\t\t\t<h4>Regurgitacions<\/h4>\n\t\t\t\t\t\t<\/div>\n\t\t\t\t<\/div>\n\t\t\t\t<\/div>\n\t\t<div class=\"elementor-element elementor-element-297727e e-con-full e-flex e-con e-child\" data-id=\"297727e\" data-element_type=\"container\" data-settings=\"{&quot;content_width&quot;:&quot;full&quot;,&quot;background_background&quot;:&quot;classic&quot;}\">\n\t\t\t\t<div class=\"elementor-element elementor-element-b228c59 elementor-widget elementor-widget-text-editor\" data-id=\"b228c59\" data-element_type=\"widget\" data-widget_type=\"text-editor.default\">\n\t\t\t\t<div class=\"elementor-widget-container\">\n\t\t\t\t\t\t\t<h4>S\u00edndrome de col\u00f3n irritable i colitis ulcerosa<\/h4>\n\t\t\t\t\t\t<\/div>\n\t\t\t\t<\/div>\n\t\t\t\t<\/div>\n\t\t<div class=\"elementor-element elementor-element-d55e279 e-con-full e-flex e-con e-child\" data-id=\"d55e279\" data-element_type=\"container\" data-settings=\"{&quot;content_width&quot;:&quot;full&quot;,&quot;background_background&quot;:&quot;classic&quot;}\">\n\t\t\t\t<div class=\"elementor-element elementor-element-bfe911d elementor-widget elementor-widget-text-editor\" data-id=\"bfe911d\" data-element_type=\"widget\" data-widget_type=\"text-editor.default\">\n\t\t\t\t<div class=\"elementor-widget-container\">\n\t\t\t\t\t\t\t<h4>Diarrees i restrenyiment<\/h4>\n\t\t\t\t\t\t<\/div>\n\t\t\t\t<\/div>\n\t\t\t\t<\/div>\n\t\t<div class=\"elementor-element elementor-element-ef8232d e-con-full e-flex e-con e-child\" data-id=\"ef8232d\" data-element_type=\"container\" data-settings=\"{&quot;content_width&quot;:&quot;full&quot;,&quot;background_background&quot;:&quot;classic&quot;}\">\n\t\t\t\t<div class=\"elementor-element elementor-element-ff48078 elementor-widget elementor-widget-text-editor\" data-id=\"ff48078\" data-element_type=\"widget\" data-widget_type=\"text-editor.default\">\n\t\t\t\t<div class=\"elementor-widget-container\">\n\t\t\t\t\t\t\t<h4>Dolors abdominals i gasos<\/h4>\n\t\t\t\t\t\t<\/div>\n\t\t\t\t<\/div>\n\t\t\t\t<\/div>\n\t\t\t\t<\/div>\n\t\t\t\t\t<\/div>\n\t\t\t\t<\/div>\n\t\t\t\t\t\t\t<\/div>\n\t\t","protected":false},"excerpt":{"rendered":"<p>Medicina Interna Tractaments i especialitats Trastorns, ritme card\u00edac i palpitacions. Dolors hipocondr\u00edacs Somnol\u00e8ncia Insomni Disminuci\u00f3 de la mem\u00f2ria S\u00edndrome melanc\u00f2lica i principis depressius Tractament de l&#8217;ansietat Nervis i vertigen Cefalees i migranyes Regurgitacions S\u00edndrome de col\u00f3n irritable i colitis ulcerosa Diarrees i restrenyiment Dolors abdominals i gasos<\/p>\n","protected":false},"author":1,"featured_media":0,"parent":0,"menu_order":0,"comment_status":"closed","ping_status":"closed","template":"","meta":{"footnotes":""},"yoast_head":"<!-- This site is optimized with the Yoast SEO plugin v22.6 - https:\/\/yoast.com\/wordpress\/plugins\/seo\/ -->\n<title>Medicina interna - Emma Buera<\/title>\n<meta name=\"robots\" content=\"index, follow, max-snippet:-1, max-image-preview:large, max-video-preview:-1\" \/>\n<link rel=\"canonical\" href=\"https:\/\/mtcemmabuera.com\/ca\/medicina-interna\/\" \/>\n<meta property=\"og:locale\" content=\"ca_ES\" \/>\n<meta property=\"og:type\" content=\"article\" \/>\n<meta property=\"og:title\" content=\"Medicina interna - Emma Buera\" \/>\n<meta property=\"og:description\" content=\"Medicina Interna Tractaments i especialitats Trastorns, ritme card\u00edac i palpitacions. Dolors hipocondr\u00edacs Somnol\u00e8ncia Insomni Disminuci\u00f3 de la mem\u00f2ria S\u00edndrome melanc\u00f2lica i principis depressius Tractament de l&#8217;ansietat Nervis i vertigen Cefalees i migranyes Regurgitacions S\u00edndrome de col\u00f3n irritable i colitis ulcerosa Diarrees i restrenyiment Dolors abdominals i gasos\" \/>\n<meta property=\"og:url\" content=\"https:\/\/mtcemmabuera.com\/ca\/medicina-interna\/\" \/>\n<meta property=\"og:site_name\" content=\"Emma Buera\" \/>\n<meta property=\"article:modified_time\" content=\"2023-11-06T10:08:44+00:00\" \/>\n<meta name=\"twitter:card\" content=\"summary_large_image\" \/>\n<script type=\"application\/ld+json\" class=\"yoast-schema-graph\">{\"@context\":\"https:\/\/schema.org\",\"@graph\":[{\"@type\":\"WebPage\",\"@id\":\"https:\/\/mtcemmabuera.com\/ca\/medicina-interna\/\",\"url\":\"https:\/\/mtcemmabuera.com\/ca\/medicina-interna\/\",\"name\":\"Medicina interna - Emma Buera\",\"isPartOf\":{\"@id\":\"https:\/\/mtcemmabuera.com\/#website\"},\"datePublished\":\"2023-10-09T10:48:51+00:00\",\"dateModified\":\"2023-11-06T10:08:44+00:00\",\"breadcrumb\":{\"@id\":\"https:\/\/mtcemmabuera.com\/ca\/medicina-interna\/#breadcrumb\"},\"inLanguage\":\"ca\",\"potentialAction\":[{\"@type\":\"ReadAction\",\"target\":[\"https:\/\/mtcemmabuera.com\/ca\/medicina-interna\/\"]}]},{\"@type\":\"BreadcrumbList\",\"@id\":\"https:\/\/mtcemmabuera.com\/ca\/medicina-interna\/#breadcrumb\",\"itemListElement\":[{\"@type\":\"ListItem\",\"position\":1,\"name\":\"Home\",\"item\":\"https:\/\/mtcemmabuera.com\/ca\/home\/\"},{\"@type\":\"ListItem\",\"position\":2,\"name\":\"Medicina interna\"}]},{\"@type\":\"WebSite\",\"@id\":\"https:\/\/mtcemmabuera.com\/#website\",\"url\":\"https:\/\/mtcemmabuera.com\/\",\"name\":\"Emma Buera\",\"description\":\"\",\"publisher\":{\"@id\":\"https:\/\/mtcemmabuera.com\/#organization\"},\"potentialAction\":[{\"@type\":\"SearchAction\",\"target\":{\"@type\":\"EntryPoint\",\"urlTemplate\":\"https:\/\/mtcemmabuera.com\/?s={search_term_string}\"},\"query-input\":\"required name=search_term_string\"}],\"inLanguage\":\"ca\"},{\"@type\":\"Organization\",\"@id\":\"https:\/\/mtcemmabuera.com\/#organization\",\"name\":\"Emma Buera\",\"url\":\"https:\/\/mtcemmabuera.com\/\",\"logo\":{\"@type\":\"ImageObject\",\"inLanguage\":\"ca\",\"@id\":\"https:\/\/mtcemmabuera.com\/#\/schema\/logo\/image\/\",\"url\":\"https:\/\/mtcemmabuera.com\/wp-content\/uploads\/2023\/10\/logo-emma-buera.png\",\"contentUrl\":\"https:\/\/mtcemmabuera.com\/wp-content\/uploads\/2023\/10\/logo-emma-buera.png\",\"width\":1938,\"height\":1230,\"caption\":\"Emma Buera\"},\"image\":{\"@id\":\"https:\/\/mtcemmabuera.com\/#\/schema\/logo\/image\/\"}}]}<\/script>\n<!-- \/ Yoast SEO plugin. -->","yoast_head_json":{"title":"Medicina interna - Emma Buera","robots":{"index":"index","follow":"follow","max-snippet":"max-snippet:-1","max-image-preview":"max-image-preview:large","max-video-preview":"max-video-preview:-1"},"canonical":"https:\/\/mtcemmabuera.com\/ca\/medicina-interna\/","og_locale":"ca_ES","og_type":"article","og_title":"Medicina interna - Emma Buera","og_description":"Medicina Interna Tractaments i especialitats Trastorns, ritme card\u00edac i palpitacions. Dolors hipocondr\u00edacs Somnol\u00e8ncia Insomni Disminuci\u00f3 de la mem\u00f2ria S\u00edndrome melanc\u00f2lica i principis depressius Tractament de l&#8217;ansietat Nervis i vertigen Cefalees i migranyes Regurgitacions S\u00edndrome de col\u00f3n irritable i colitis ulcerosa Diarrees i restrenyiment Dolors abdominals i gasos","og_url":"https:\/\/mtcemmabuera.com\/ca\/medicina-interna\/","og_site_name":"Emma Buera","article_modified_time":"2023-11-06T10:08:44+00:00","twitter_card":"summary_large_image","schema":{"@context":"https:\/\/schema.org","@graph":[{"@type":"WebPage","@id":"https:\/\/mtcemmabuera.com\/ca\/medicina-interna\/","url":"https:\/\/mtcemmabuera.com\/ca\/medicina-interna\/","name":"Medicina interna - Emma Buera","isPartOf":{"@id":"https:\/\/mtcemmabuera.com\/#website"},"datePublished":"2023-10-09T10:48:51+00:00","dateModified":"2023-11-06T10:08:44+00:00","breadcrumb":{"@id":"https:\/\/mtcemmabuera.com\/ca\/medicina-interna\/#breadcrumb"},"inLanguage":"ca","potentialAction":[{"@type":"ReadAction","target":["https:\/\/mtcemmabuera.com\/ca\/medicina-interna\/"]}]},{"@type":"BreadcrumbList","@id":"https:\/\/mtcemmabuera.com\/ca\/medicina-interna\/#breadcrumb","itemListElement":[{"@type":"ListItem","position":1,"name":"Home","item":"https:\/\/mtcemmabuera.com\/ca\/home\/"},{"@type":"ListItem","position":2,"name":"Medicina interna"}]},{"@type":"WebSite","@id":"https:\/\/mtcemmabuera.com\/#website","url":"https:\/\/mtcemmabuera.com\/","name":"Emma Buera","description":"","publisher":{"@id":"https:\/\/mtcemmabuera.com\/#organization"},"potentialAction":[{"@type":"SearchAction","target":{"@type":"EntryPoint","urlTemplate":"https:\/\/mtcemmabuera.com\/?s={search_term_string}"},"query-input":"required name=search_term_string"}],"inLanguage":"ca"},{"@type":"Organization","@id":"https:\/\/mtcemmabuera.com\/#organization","name":"Emma Buera","url":"https:\/\/mtcemmabuera.com\/","logo":{"@type":"ImageObject","inLanguage":"ca","@id":"https:\/\/mtcemmabuera.com\/#\/schema\/logo\/image\/","url":"https:\/\/mtcemmabuera.com\/wp-content\/uploads\/2023\/10\/logo-emma-buera.png","contentUrl":"https:\/\/mtcemmabuera.com\/wp-content\/uploads\/2023\/10\/logo-emma-buera.png","width":1938,"height":1230,"caption":"Emma Buera"},"image":{"@id":"https:\/\/mtcemmabuera.com\/#\/schema\/logo\/image\/"}}]}},"_links":{"self":[{"href":"https:\/\/mtcemmabuera.com\/ca\/wp-json\/wp\/v2\/pages\/700"}],"collection":[{"href":"https:\/\/mtcemmabuera.com\/ca\/wp-json\/wp\/v2\/pages"}],"about":[{"href":"https:\/\/mtcemmabuera.com\/ca\/wp-json\/wp\/v2\/types\/page"}],"author":[{"embeddable":true,"href":"https:\/\/mtcemmabuera.com\/ca\/wp-json\/wp\/v2\/users\/1"}],"replies":[{"embeddable":true,"href":"https:\/\/mtcemmabuera.com\/ca\/wp-json\/wp\/v2\/comments?post=700"}],"version-history":[{"count":6,"href":"https:\/\/mtcemmabuera.com\/ca\/wp-json\/wp\/v2\/pages\/700\/revisions"}],"predecessor-version":[{"id":709,"href":"https:\/\/mtcemmabuera.com\/ca\/wp-json\/wp\/v2\/pages\/700\/revisions\/709"}],"wp:attachment":[{"href":"https:\/\/mtcemmabuera.com\/ca\/wp-json\/wp\/v2\/media?parent=700"}],"curies":[{"name":"wp","href":"https:\/\/api.w.org\/{rel}","templated":true}]}}