{"id":660,"date":"2023-10-10T10:49:26","date_gmt":"2023-10-10T10:49:26","guid":{"rendered":"https:\/\/mtcemmabuera.com\/accessibilitat\/"},"modified":"2024-06-12T10:36:05","modified_gmt":"2024-06-12T10:36:05","slug":"accessibilitat","status":"publish","type":"page","link":"https:\/\/mtcemmabuera.com\/ca\/accessibilitat\/","title":{"rendered":"Accessibilitat"},"content":{"rendered":"\t\t<div data-elementor-type=\"wp-page\" data-elementor-id=\"660\" class=\"elementor elementor-660 elementor-526\">\n\t\t\t\t\t\t\t<div class=\"elementor-element elementor-element-eda7261 e-con-full e-flex e-con e-parent\" data-id=\"eda7261\" data-element_type=\"container\" data-settings=\"{&quot;content_width&quot;:&quot;full&quot;}\" data-core-v316-plus=\"true\">\n\t\t\t\t<div class=\"elementor-element elementor-element-e258000 elementor-widget elementor-widget-text-editor\" data-id=\"e258000\" data-element_type=\"widget\" data-widget_type=\"text-editor.default\">\n\t\t\t\t<div class=\"elementor-widget-container\">\n\t\t\t<style>\/*! elementor - v3.16.0 - 20-09-2023 *\/\n.elementor-widget-text-editor.elementor-drop-cap-view-stacked .elementor-drop-cap{background-color:#69727d;color:#fff}.elementor-widget-text-editor.elementor-drop-cap-view-framed .elementor-drop-cap{color:#69727d;border:3px solid;background-color:transparent}.elementor-widget-text-editor:not(.elementor-drop-cap-view-default) .elementor-drop-cap{margin-top:8px}.elementor-widget-text-editor:not(.elementor-drop-cap-view-default) .elementor-drop-cap-letter{width:1em;height:1em}.elementor-widget-text-editor .elementor-drop-cap{float:left;text-align:center;line-height:1;font-size:50px}.elementor-widget-text-editor .elementor-drop-cap-letter{display:inline-block}<\/style>\t\t\t\t<h1><b>Accessibilitat<\/b><\/h1>\n<p>La present declaraci\u00f3 d&#8217;accessibilitat s&#8217;aplica al lloc web <a href=\"https:\/\/mtcemmabuera.com\/ca\/\">https:\/\/mtcemmabuera.com<\/a><\/p>\n<h4><b>SITUACI\u00d3 DE COMPLIMENT<\/b><\/h4>\n<p>Aquest lloc web \u00e9s parcialment conforme amb el RD 1112\/2018 a causa de les excepcions i a la falta de conformitat dels aspectes que s&#8217;indiquen en el seg\u00fcent punt.<\/p>\n<h4><b>CONTINGUT NO ACCESSIBLE<\/b><\/h4>\n<p>El contingut que es recull a continuaci\u00f3 no \u00e9s accessible pel seg\u00fcent:<br \/>\u2013 Falta de conformitat amb el RD 1112\/2018<br \/>\u2013 Podrien existir alguns aspectes de contrast que no compleixin els m\u00ednims exigits, 3:1, respecte als colors adjacents del fons de la secci\u00f3 de la web en q\u00fcesti\u00f3. [9 .1.4.11 Contraste no textual] [9 .1.4.11 Non-text contrast]<br \/>\u2013 Podrien existir algunes etiquetes o instruccions no etiquetades correctament [9 .3.3.2 Etiquetas o instrucciones] [9 .3.3.2 Labels or instructions]<br \/>Podrien existir missatges d&#8217;estat que no compleixin amb els m\u00ednims exigits [9 .4.1.3 Mensajes de estado] [9 .4.1.3 Status messages]<br \/>\u2013 Podrien existir suggeriments davant errors que no compleixin amb els m\u00ednims exigits [9 .3.3.3 Sugerencias ante errores (condicional)] [9 .3.3.3 Suggestions for errors (conditional)]<br \/>\u2013 Podrien existir fallades en la navegaci\u00f3 seq\u00fcencial per la p\u00e0gina web afectant el seu significat o la seva operaci\u00f3 [9 .2.4.3 Orden del foco] [9 .2.4.3 Focus order]<br \/>\u2013 No \u00e9s possible evitar que les persones que interactuen mitjan\u00e7ant entrades de veu activin els elements d&#8217;interacci\u00f3 de manera accidental [requisito 9.2.1.4 \u2013 Atajos con teclas de caracteres] [requirement 9.2.1.4 \u2013 Character Key Shortcuts]<br \/>\u2013 Podrien existir fallades puntuals d&#8217;edici\u00f3 en alguna p\u00e0gina web<br \/>C\u00e0rrega desproporcionada<br \/>No aplica.<\/p>\n<h4><b>PREPARACI\u00d3 DE LA SEG\u00dcENT DECLARACI\u00d3 D&#8217;ACCESSIBILITAT<\/b><\/h4>\n<p>Aquesta declaraci\u00f3 va ser preparada el 9 de Novembre de 2023.<br \/>El m\u00e8tode emprat per a preparar la declaraci\u00f3 ha estat una autoavaluaci\u00f3 duta a terme per la pr\u00f2pia empresa.<\/p>\n<h4><b>OBSERVACIONS I DADES DE CONTACTE<\/b><\/h4>\n<p>Pot realitzar comunicacions sobre requisits d&#8217;accessibilitat (article 10.2.a de l&#8217;RD 1112\/2018) com, per exemple:<br \/>\u2013 Informar sobre qualsevol possible incompliment per part d&#8217;aquest lloc web<br \/>\u2013 Transmetre altres dificultats d&#8217;acc\u00e9s al contingut<br \/>\u2013 Formular qualsevol altra consulta o suggeriment de millora relativa a l&#8217;accessibilitat del lloc web<br \/>A trav\u00e9s del correu de contacte emmabuera@hotmail.com.<br \/>Pot presentar:<br \/>\u2013 Queixa relativa al compliment dels requisits del RD 1112\/2018 o<br \/>\u2013 Sol\u00b7licitud d&#8217;Informaci\u00f3 accessible relativa a:<br \/>Continguts que estan exclosos de l&#8217;\u00e0mbit d&#8217;aplicaci\u00f3 del RD 1112\/2018 segons el que s&#8217;estableix per l&#8217;article 3, apartat 4<br \/>Continguts que estan exempts del compliment dels requisits d&#8217;accessibilitat per imposar una c\u00e0rrega desproporcionada.<br \/>En la Sol\u00b7licitud d&#8217;informaci\u00f3 accessible, s&#8217;ha de concretar, amb tota claredat, els fets, raons i petici\u00f3 que permetin constatar que es tracta d&#8217;una sol\u00b7licitud raonable i leg\u00edtima.<br \/>Les queixes i reclamacions sobre informaci\u00f3 accessible es realitzaran a trav\u00e9s de l&#8217;email anterior.<\/p>\n<h4><b>PROCEDIMENT D&#8217;APLICACI\u00d3<\/b><\/h4>\n<p>Si una vegada realitzada una sol\u00b7licitud d&#8217;informaci\u00f3 accessible o queixa, aquesta hagu\u00e9s estat desestimada, no s&#8217;estigu\u00e9s d&#8217;acord amb la decisi\u00f3 adoptada, o la resposta no compl\u00eds els requisits contemplats en l&#8217;article 12.5, la persona interessada podr\u00e0 iniciar una reclamaci\u00f3. Igualment es podr\u00e0 iniciar una reclamaci\u00f3 en el cas que hagi transcorregut el termini de vint dies h\u00e0bils sense haver obtingut resposta.<\/p>\n\t\t\t\t\t\t<\/div>\n\t\t\t\t<\/div>\n\t\t\t\t<\/div>\n\t\t\t\t\t\t\t<\/div>\n\t\t","protected":false},"excerpt":{"rendered":"<p>Accessibilitat La present declaraci\u00f3 d&#8217;accessibilitat s&#8217;aplica al lloc web https:\/\/mtcemmabuera.com SITUACI\u00d3 DE COMPLIMENT Aquest lloc web \u00e9s parcialment conforme amb el RD 1112\/2018 a causa de les excepcions i a la falta de conformitat dels aspectes que s&#8217;indiquen en el seg\u00fcent punt. CONTINGUT NO ACCESSIBLE El contingut que es recull a continuaci\u00f3 no \u00e9s accessible [&hellip;]<\/p>\n","protected":false},"author":1,"featured_media":0,"parent":0,"menu_order":0,"comment_status":"closed","ping_status":"closed","template":"","meta":{"footnotes":""},"yoast_head":"<!-- This site is optimized with the Yoast SEO plugin v22.6 - https:\/\/yoast.com\/wordpress\/plugins\/seo\/ -->\n<title>Accessibilitat - Emma Buera<\/title>\n<meta name=\"robots\" content=\"index, follow, max-snippet:-1, max-image-preview:large, max-video-preview:-1\" \/>\n<link rel=\"canonical\" href=\"https:\/\/mtcemmabuera.com\/ca\/accessibilitat\/\" \/>\n<meta property=\"og:locale\" content=\"ca_ES\" \/>\n<meta property=\"og:type\" content=\"article\" \/>\n<meta property=\"og:title\" content=\"Accessibilitat - Emma Buera\" \/>\n<meta property=\"og:description\" content=\"Accessibilitat La present declaraci\u00f3 d&#8217;accessibilitat s&#8217;aplica al lloc web https:\/\/mtcemmabuera.com SITUACI\u00d3 DE COMPLIMENT Aquest lloc web \u00e9s parcialment conforme amb el RD 1112\/2018 a causa de les excepcions i a la falta de conformitat dels aspectes que s&#8217;indiquen en el seg\u00fcent punt. CONTINGUT NO ACCESSIBLE El contingut que es recull a continuaci\u00f3 no \u00e9s accessible [&hellip;]\" \/>\n<meta property=\"og:url\" content=\"https:\/\/mtcemmabuera.com\/ca\/accessibilitat\/\" \/>\n<meta property=\"og:site_name\" content=\"Emma Buera\" \/>\n<meta property=\"article:modified_time\" content=\"2024-06-12T10:36:05+00:00\" \/>\n<meta name=\"twitter:card\" content=\"summary_large_image\" \/>\n<meta name=\"twitter:label1\" content=\"Temps estimat de lectura\" \/>\n\t<meta name=\"twitter:data1\" content=\"3 minuts\" \/>\n<script type=\"application\/ld+json\" class=\"yoast-schema-graph\">{\"@context\":\"https:\/\/schema.org\",\"@graph\":[{\"@type\":\"WebPage\",\"@id\":\"https:\/\/mtcemmabuera.com\/ca\/accessibilitat\/\",\"url\":\"https:\/\/mtcemmabuera.com\/ca\/accessibilitat\/\",\"name\":\"Accessibilitat - Emma Buera\",\"isPartOf\":{\"@id\":\"https:\/\/mtcemmabuera.com\/#website\"},\"datePublished\":\"2023-10-10T10:49:26+00:00\",\"dateModified\":\"2024-06-12T10:36:05+00:00\",\"breadcrumb\":{\"@id\":\"https:\/\/mtcemmabuera.com\/ca\/accessibilitat\/#breadcrumb\"},\"inLanguage\":\"ca\",\"potentialAction\":[{\"@type\":\"ReadAction\",\"target\":[\"https:\/\/mtcemmabuera.com\/ca\/accessibilitat\/\"]}]},{\"@type\":\"BreadcrumbList\",\"@id\":\"https:\/\/mtcemmabuera.com\/ca\/accessibilitat\/#breadcrumb\",\"itemListElement\":[{\"@type\":\"ListItem\",\"position\":1,\"name\":\"Home\",\"item\":\"https:\/\/mtcemmabuera.com\/ca\/home\/\"},{\"@type\":\"ListItem\",\"position\":2,\"name\":\"Accessibilitat\"}]},{\"@type\":\"WebSite\",\"@id\":\"https:\/\/mtcemmabuera.com\/#website\",\"url\":\"https:\/\/mtcemmabuera.com\/\",\"name\":\"Emma Buera\",\"description\":\"\",\"publisher\":{\"@id\":\"https:\/\/mtcemmabuera.com\/#organization\"},\"potentialAction\":[{\"@type\":\"SearchAction\",\"target\":{\"@type\":\"EntryPoint\",\"urlTemplate\":\"https:\/\/mtcemmabuera.com\/?s={search_term_string}\"},\"query-input\":\"required name=search_term_string\"}],\"inLanguage\":\"ca\"},{\"@type\":\"Organization\",\"@id\":\"https:\/\/mtcemmabuera.com\/#organization\",\"name\":\"Emma Buera\",\"url\":\"https:\/\/mtcemmabuera.com\/\",\"logo\":{\"@type\":\"ImageObject\",\"inLanguage\":\"ca\",\"@id\":\"https:\/\/mtcemmabuera.com\/#\/schema\/logo\/image\/\",\"url\":\"https:\/\/mtcemmabuera.com\/wp-content\/uploads\/2023\/10\/logo-emma-buera.png\",\"contentUrl\":\"https:\/\/mtcemmabuera.com\/wp-content\/uploads\/2023\/10\/logo-emma-buera.png\",\"width\":1938,\"height\":1230,\"caption\":\"Emma Buera\"},\"image\":{\"@id\":\"https:\/\/mtcemmabuera.com\/#\/schema\/logo\/image\/\"}}]}<\/script>\n<!-- \/ Yoast SEO plugin. -->","yoast_head_json":{"title":"Accessibilitat - Emma Buera","robots":{"index":"index","follow":"follow","max-snippet":"max-snippet:-1","max-image-preview":"max-image-preview:large","max-video-preview":"max-video-preview:-1"},"canonical":"https:\/\/mtcemmabuera.com\/ca\/accessibilitat\/","og_locale":"ca_ES","og_type":"article","og_title":"Accessibilitat - Emma Buera","og_description":"Accessibilitat La present declaraci\u00f3 d&#8217;accessibilitat s&#8217;aplica al lloc web https:\/\/mtcemmabuera.com SITUACI\u00d3 DE COMPLIMENT Aquest lloc web \u00e9s parcialment conforme amb el RD 1112\/2018 a causa de les excepcions i a la falta de conformitat dels aspectes que s&#8217;indiquen en el seg\u00fcent punt. CONTINGUT NO ACCESSIBLE El contingut que es recull a continuaci\u00f3 no \u00e9s accessible [&hellip;]","og_url":"https:\/\/mtcemmabuera.com\/ca\/accessibilitat\/","og_site_name":"Emma Buera","article_modified_time":"2024-06-12T10:36:05+00:00","twitter_card":"summary_large_image","twitter_misc":{"Temps estimat de lectura":"3 minuts"},"schema":{"@context":"https:\/\/schema.org","@graph":[{"@type":"WebPage","@id":"https:\/\/mtcemmabuera.com\/ca\/accessibilitat\/","url":"https:\/\/mtcemmabuera.com\/ca\/accessibilitat\/","name":"Accessibilitat - Emma Buera","isPartOf":{"@id":"https:\/\/mtcemmabuera.com\/#website"},"datePublished":"2023-10-10T10:49:26+00:00","dateModified":"2024-06-12T10:36:05+00:00","breadcrumb":{"@id":"https:\/\/mtcemmabuera.com\/ca\/accessibilitat\/#breadcrumb"},"inLanguage":"ca","potentialAction":[{"@type":"ReadAction","target":["https:\/\/mtcemmabuera.com\/ca\/accessibilitat\/"]}]},{"@type":"BreadcrumbList","@id":"https:\/\/mtcemmabuera.com\/ca\/accessibilitat\/#breadcrumb","itemListElement":[{"@type":"ListItem","position":1,"name":"Home","item":"https:\/\/mtcemmabuera.com\/ca\/home\/"},{"@type":"ListItem","position":2,"name":"Accessibilitat"}]},{"@type":"WebSite","@id":"https:\/\/mtcemmabuera.com\/#website","url":"https:\/\/mtcemmabuera.com\/","name":"Emma Buera","description":"","publisher":{"@id":"https:\/\/mtcemmabuera.com\/#organization"},"potentialAction":[{"@type":"SearchAction","target":{"@type":"EntryPoint","urlTemplate":"https:\/\/mtcemmabuera.com\/?s={search_term_string}"},"query-input":"required name=search_term_string"}],"inLanguage":"ca"},{"@type":"Organization","@id":"https:\/\/mtcemmabuera.com\/#organization","name":"Emma Buera","url":"https:\/\/mtcemmabuera.com\/","logo":{"@type":"ImageObject","inLanguage":"ca","@id":"https:\/\/mtcemmabuera.com\/#\/schema\/logo\/image\/","url":"https:\/\/mtcemmabuera.com\/wp-content\/uploads\/2023\/10\/logo-emma-buera.png","contentUrl":"https:\/\/mtcemmabuera.com\/wp-content\/uploads\/2023\/10\/logo-emma-buera.png","width":1938,"height":1230,"caption":"Emma Buera"},"image":{"@id":"https:\/\/mtcemmabuera.com\/#\/schema\/logo\/image\/"}}]}},"_links":{"self":[{"href":"https:\/\/mtcemmabuera.com\/ca\/wp-json\/wp\/v2\/pages\/660"}],"collection":[{"href":"https:\/\/mtcemmabuera.com\/ca\/wp-json\/wp\/v2\/pages"}],"about":[{"href":"https:\/\/mtcemmabuera.com\/ca\/wp-json\/wp\/v2\/types\/page"}],"author":[{"embeddable":true,"href":"https:\/\/mtcemmabuera.com\/ca\/wp-json\/wp\/v2\/users\/1"}],"replies":[{"embeddable":true,"href":"https:\/\/mtcemmabuera.com\/ca\/wp-json\/wp\/v2\/comments?post=660"}],"version-history":[{"count":7,"href":"https:\/\/mtcemmabuera.com\/ca\/wp-json\/wp\/v2\/pages\/660\/revisions"}],"predecessor-version":[{"id":795,"href":"https:\/\/mtcemmabuera.com\/ca\/wp-json\/wp\/v2\/pages\/660\/revisions\/795"}],"wp:attachment":[{"href":"https:\/\/mtcemmabuera.com\/ca\/wp-json\/wp\/v2\/media?parent=660"}],"curies":[{"name":"wp","href":"https:\/\/api.w.org\/{rel}","templated":true}]}}